{"id":1127,"date":"2025-09-08T22:28:48","date_gmt":"2025-09-08T21:28:48","guid":{"rendered":"https:\/\/corsica.philippot.org\/?page_id=1127"},"modified":"2025-09-08T22:26:32","modified_gmt":"2025-09-08T21:26:32","slug":"guten-tag-und-herzlich-willkommen-in-roccia-rosa","status":"publish","type":"page","link":"https:\/\/roccia-rosa.fr\/index.php\/de\/guten-tag-und-herzlich-willkommen-in-roccia-rosa\/","title":{"rendered":"Guten Tag und herzlich willkommen in Roccia Rosa"},"content":{"rendered":"\n<h1 class=\"wp-block-heading\">Guten Tag und herzlich willkommen in Roccia Rosa<\/h1>\n\n\n\n<p>Wir danken Ihnen f\u00fcr Ihr Interesse an unserem kleinen Paradies inmitten der Natur.<\/p>\n\n\n\n<p>Auf dieser Website finden Sie alle Informationen f\u00fcr Ihren Aufenthalt, wenn Sie bereits gebucht haben, sowie alle Antworten auf Ihre Fragen, wenn Sie eine Buchung in Erw\u00e4gung ziehen.<br>Wir w\u00fcnschen Ihnen viel Spa\u00df beim St\u00f6bern und freuen uns \u00fcber Ihr Feedback zu dieser Website.<\/p>\n\n\n\n<p class=\"has-text-align-right\">Lo\u00efc und Ga\u00ebl Philippot<\/p>\n","protected":false},"excerpt":{"rendered":"<p>Guten Tag und herzlich willkommen in Roccia Rosa Wir danken Ihnen f\u00fcr Ihr Interesse an unserem kleinen Paradies inmitten der Natur. Auf dieser Website finden Sie alle Informationen f\u00fcr Ihren Aufenthalt, wenn Sie bereits gebucht haben, sowie alle Antworten auf Ihre Fragen, wenn Sie eine Buchung in Erw\u00e4gung ziehen.Wir w\u00fcnschen Ihnen viel Spa\u00df beim St\u00f6bern und freuen uns \u00fcber Ihr Feedback zu dieser Website. Lo\u00efc und Ga\u00ebl Philippot<a class=\"more-link\" href=\"https:\/\/roccia-rosa.fr\/index.php\/de\/guten-tag-und-herzlich-willkommen-in-roccia-rosa\/\">Read More &rarr;<\/a><\/p>\n","protected":false},"author":1,"featured_media":0,"parent":0,"menu_order":0,"comment_status":"closed","ping_status":"closed","template":"","meta":{"_acf_changed":false,"_uag_custom_page_level_css":"","_glsr_average":0,"_glsr_ranking":0,"_glsr_reviews":0,"footnotes":""},"folder":[],"class_list":["entry","author-gael","post-1127","page","type-page","status-publish"],"acf":[],"lang":"de","translations":{"de":1127,"fr":561,"en":1123,"nl":1134},"uagb_featured_image_src":{"full":false,"thumbnail":false,"medium":false,"medium_large":false,"large":false,"1536x1536":false,"2048x2048":false,"ultp_layout_landscape_large":false,"ultp_layout_landscape":false,"ultp_layout_portrait":false,"ultp_layout_square":false,"hoot-medium-thumb":false,"hoot-preview":false,"hoot-large-thumb":false,"hoot-wide":false,"hoot-extra-wide":false},"uagb_author_info":{"display_name":"Ga\u00ebl PHILIPPOT","author_link":"https:\/\/roccia-rosa.fr\/index.php\/author\/gael\/"},"uagb_comment_info":0,"uagb_excerpt":"Guten Tag und herzlich willkommen in Roccia Rosa Wir danken Ihnen f\u00fcr Ihr Interesse an unserem kleinen Paradies inmitten der Natur. Auf dieser Website finden Sie alle Informationen f\u00fcr Ihren Aufenthalt, wenn Sie bereits gebucht haben, sowie alle Antworten auf Ihre Fragen, wenn Sie eine Buchung in Erw\u00e4gung ziehen.Wir w\u00fcnschen Ihnen viel Spa\u00df beim St\u00f6bern&hellip;","pll_sync_post":[],"_links":{"self":[{"href":"https:\/\/roccia-rosa.fr\/index.php\/wp-json\/wp\/v2\/pages\/1127","targetHints":{"allow":["GET"]}}],"collection":[{"href":"https:\/\/roccia-rosa.fr\/index.php\/wp-json\/wp\/v2\/pages"}],"about":[{"href":"https:\/\/roccia-rosa.fr\/index.php\/wp-json\/wp\/v2\/types\/page"}],"author":[{"embeddable":true,"href":"https:\/\/roccia-rosa.fr\/index.php\/wp-json\/wp\/v2\/users\/1"}],"replies":[{"embeddable":true,"href":"https:\/\/roccia-rosa.fr\/index.php\/wp-json\/wp\/v2\/comments?post=1127"}],"version-history":[{"count":3,"href":"https:\/\/roccia-rosa.fr\/index.php\/wp-json\/wp\/v2\/pages\/1127\/revisions"}],"predecessor-version":[{"id":1131,"href":"https:\/\/roccia-rosa.fr\/index.php\/wp-json\/wp\/v2\/pages\/1127\/revisions\/1131"}],"wp:attachment":[{"href":"https:\/\/roccia-rosa.fr\/index.php\/wp-json\/wp\/v2\/media?parent=1127"}],"wp:term":[{"taxonomy":"folder","embeddable":true,"href":"https:\/\/roccia-rosa.fr\/index.php\/wp-json\/wp\/v2\/folder?post=1127"}],"curies":[{"name":"wp","href":"https:\/\/api.w.org\/{rel}","templated":true}]}}