{"id":561,"date":"2025-09-08T22:28:48","date_gmt":"2025-09-08T21:28:48","guid":{"rendered":"https:\/\/corsica.philippot.org\/?page_id=561"},"modified":"2026-02-21T19:04:35","modified_gmt":"2026-02-21T18:04:35","slug":"page-daccueil","status":"publish","type":"page","link":"https:\/\/roccia-rosa.fr\/","title":{"rendered":"Bonjour et bienvenue \u00e0 Roccia Rosa"},"content":{"rendered":"\n<h1 class=\"wp-block-heading\">Bonjour et bienvenue \u00e0 Roccia Rosa<\/h1>\n\n\n\n<p>Nous vous remercions de l&#8217;int\u00e9r\u00eat que vous portez \u00e0 notre petit coin de paradis, pos\u00e9 en pleine nature.<\/p>\n\n\n\n<p>Vous trouverez sur ce site toutes les informations pour votre s\u00e9jour, si vous avez r\u00e9serv\u00e9, et tout les \u00e9l\u00e9ments pour r\u00e9pondre \u00e0 vos question si vous envisagez de le faire.<br>Nous vous souhaitons une bonne navigation et n&#8217;h\u00e9sitez pas \u00e0 nous faire votre retour sur ce site.<\/p>\n\n\n\n<p class=\"has-text-align-right\">Lo\u00efc et Ga\u00ebl Philippot<\/p>\n","protected":false},"excerpt":{"rendered":"<p>Bonjour et bienvenue \u00e0 Roccia Rosa Nous vous remercions de l&#8217;int\u00e9r\u00eat que vous portez \u00e0 notre petit coin de paradis, pos\u00e9 en pleine nature. Vous trouverez sur ce site toutes les informations pour votre s\u00e9jour, si vous avez r\u00e9serv\u00e9, et tout les \u00e9l\u00e9ments pour r\u00e9pondre \u00e0 vos question si vous envisagez de le faire.Nous vous souhaitons une bonne navigation et n&#8217;h\u00e9sitez pas \u00e0 nous faire votre retour sur ce site. Lo\u00efc et Ga\u00ebl Philippot<a class=\"more-link\" href=\"https:\/\/roccia-rosa.fr\/\">Read More &rarr;<\/a><\/p>\n","protected":false},"author":1,"featured_media":0,"parent":0,"menu_order":0,"comment_status":"closed","ping_status":"closed","template":"","meta":{"_acf_changed":false,"_uag_custom_page_level_css":"","_glsr_average":0,"_glsr_ranking":0,"_glsr_reviews":0,"footnotes":""},"folder":[],"class_list":["entry","author-gael","post-561","page","type-page","status-publish"],"acf":[],"lang":"fr","translations":{"fr":561,"en":1123,"de":1127,"nl":1134},"uagb_featured_image_src":{"full":false,"thumbnail":false,"medium":false,"medium_large":false,"large":false,"1536x1536":false,"2048x2048":false,"ultp_layout_landscape_large":false,"ultp_layout_landscape":false,"ultp_layout_portrait":false,"ultp_layout_square":false,"hoot-medium-thumb":false,"hoot-preview":false,"hoot-large-thumb":false,"hoot-wide":false,"hoot-extra-wide":false},"uagb_author_info":{"display_name":"Ga\u00ebl PHILIPPOT","author_link":"https:\/\/roccia-rosa.fr\/index.php\/author\/gael\/"},"uagb_comment_info":0,"uagb_excerpt":"Bonjour et bienvenue \u00e0 Roccia Rosa Nous vous remercions de l&#8217;int\u00e9r\u00eat que vous portez \u00e0 notre petit coin de paradis, pos\u00e9 en pleine nature. Vous trouverez sur ce site toutes les informations pour votre s\u00e9jour, si vous avez r\u00e9serv\u00e9, et tout les \u00e9l\u00e9ments pour r\u00e9pondre \u00e0 vos question si vous envisagez de le faire.Nous vous&hellip;","pll_sync_post":[],"_links":{"self":[{"href":"https:\/\/roccia-rosa.fr\/index.php\/wp-json\/wp\/v2\/pages\/561","targetHints":{"allow":["GET"]}}],"collection":[{"href":"https:\/\/roccia-rosa.fr\/index.php\/wp-json\/wp\/v2\/pages"}],"about":[{"href":"https:\/\/roccia-rosa.fr\/index.php\/wp-json\/wp\/v2\/types\/page"}],"author":[{"embeddable":true,"href":"https:\/\/roccia-rosa.fr\/index.php\/wp-json\/wp\/v2\/users\/1"}],"replies":[{"embeddable":true,"href":"https:\/\/roccia-rosa.fr\/index.php\/wp-json\/wp\/v2\/comments?post=561"}],"version-history":[{"count":6,"href":"https:\/\/roccia-rosa.fr\/index.php\/wp-json\/wp\/v2\/pages\/561\/revisions"}],"predecessor-version":[{"id":1132,"href":"https:\/\/roccia-rosa.fr\/index.php\/wp-json\/wp\/v2\/pages\/561\/revisions\/1132"}],"wp:attachment":[{"href":"https:\/\/roccia-rosa.fr\/index.php\/wp-json\/wp\/v2\/media?parent=561"}],"wp:term":[{"taxonomy":"folder","embeddable":true,"href":"https:\/\/roccia-rosa.fr\/index.php\/wp-json\/wp\/v2\/folder?post=561"}],"curies":[{"name":"wp","href":"https:\/\/api.w.org\/{rel}","templated":true}]}}