{"id":820,"date":"2025-06-24T11:00:44","date_gmt":"2025-06-24T10:00:44","guid":{"rendered":"https:\/\/corsica.philippot.org\/?page_id=820"},"modified":"2025-07-28T11:53:05","modified_gmt":"2025-07-28T10:53:05","slug":"politique-de-cookies","status":"publish","type":"page","link":"https:\/\/roccia-rosa.fr\/index.php\/politique-de-cookies\/","title":{"rendered":"Politique de &#8220;Canistrelli&#8221;"},"content":{"rendered":"\n<h1 class=\"wp-block-heading\">Politique de &#8220;Canistrelli&#8221;<\/h1>\n\n\n\n<p>Cette Politique de &#8220;Canistrelli&#8221; (en Corse, on ne fait pas de Cookies) explique ce qu&#8217;ils sont, comment nous les utilisons, les types que nous utilisons, les informations que nous collectons via ces petits &#8220;g\u00e2teaux&#8221; et leur utilisation, ainsi que la mani\u00e8re dont vous pouvez g\u00e9rer vos pr\u00e9f\u00e9rences.<\/p>\n\n\n\n<h2 class=\"wp-block-heading\"><strong>Qu\u2019est-ce qu\u2019un <s>cookie<\/s> Canistrelli ?<\/strong><\/h2>\n\n\n\n<p>Les <s>cookies<\/s> canistrelli sont de petits fichiers texte qui servent \u00e0 stocker de petites quantit\u00e9s d\u2019informations. Ils sont enregistr\u00e9s sur votre appareil lorsque vous chargez le site web dans votre navigateur. Ces <s>cookies <\/s> canistrelli nous aident \u00e0 garantir le bon fonctionnement du site, \u00e0 am\u00e9liorer sa s\u00e9curit\u00e9, \u00e0 offrir une meilleure exp\u00e9rience utilisateur et \u00e0 analyser les performances du site pour identifier ce qui fonctionne bien et ce qui doit \u00eatre am\u00e9lior\u00e9.<\/p>\n\n\n\n<h2 class=\"wp-block-heading\"><strong>Comment utilisons-nous les <s>cookies<\/s> canistrelli ?<\/strong><\/h2>\n\n\n\n<p>Comme la plupart des services en ligne, notre site web utilise des <strong>canistrelli internes<\/strong> et <strong>cookies tiers<\/strong> (oui, certains pr\u00e9f\u00e8re les biscuits am\u00e9ricains) pour diverses raisons.<\/p>\n\n\n\n<ul class=\"wp-block-list\">\n<li><strong>Les <strong>canistrelli <\/strong>internes<\/strong> sont principalement n\u00e9cessaires au bon fonctionnement du site web et <strong>ne collectent aucune donn\u00e9e personnelle identifiable<\/strong>.<\/li>\n\n\n\n<li><strong>Les cookies tiers<\/strong> utilis\u00e9s sur notre site web servent principalement \u00e0 :\n<ul class=\"wp-block-list\">\n<li>Comprendre comment le site fonctionne.<\/li>\n\n\n\n<li>Analyser votre interaction avec notre site.<\/li>\n\n\n\n<li>Assurer la s\u00e9curit\u00e9 de nos services.<\/li>\n\n\n\n<li>Vous offrir une meilleure exp\u00e9rience utilisateur et acc\u00e9l\u00e9rer vos interactions futures avec notre site.<\/li>\n<\/ul>\n<\/li>\n<\/ul>\n\n\n\n<h2 class=\"wp-block-heading\"><strong>Types de <strong>canistrelli <\/strong>que nous utilisons<\/strong><\/h2>\n\n\n\n<p>Nous utilisons diff\u00e9rents types de <strong>canistrelli<\/strong>, que vous pouvez g\u00e9rer via notre outil de gestion des <strong>canistrelli<\/strong>.<\/p>\n\n\n\n<h2 class=\"wp-block-heading\"><strong>G\u00e9rer vos pr\u00e9f\u00e9rences en mati\u00e8re de <strong>canistrelli<\/strong><\/strong>.<\/h2>\n\n\n\n<p>Vous pouvez modifier vos pr\u00e9f\u00e9rences en mati\u00e8re de <strong>canistrelli <\/strong>\u00e0 tout moment en cliquant sur le lien ci-apr\u00e9s. Cela vous permettra de <strong>r\u00e9-afficher la <a href=\"#cookiesAndContentPolicySettings\">banni\u00e8re de consentement<\/a><\/strong> et de modifier vos pr\u00e9f\u00e9rences ou de retirer votre consentement imm\u00e9diatement.<\/p>\n\n\n\n<p>De plus, diff\u00e9rents navigateurs proposent des m\u00e9thodes sp\u00e9cifiques pour <strong>bloquer ou supprimer<\/strong> les <strong>canistrelli <\/strong>utilis\u00e9s par les sites web. Vous pouvez modifier les param\u00e8tres de votre navigateur pour les bloquer ou les supprimer. Voici quelques liens vers les documents d\u2019aide des principaux navigateurs :<\/p>\n\n\n\n<ul class=\"wp-block-list\">\n<li><strong>Chrome<\/strong> : <a href=\"https:\/\/support.google.com\/accounts\/answer\/32050\" target=\"_blank\" rel=\"noreferrer noopener\">Vider le cache et supprimer les cookies<\/a><\/li>\n\n\n\n<li><strong>Safari<\/strong> : <a href=\"https:\/\/support.apple.com\/fr-fr\/guide\/safari\/sfri11471\/mac\" target=\"_blank\" rel=\"noreferrer noopener\">Effacer les cookies dans Safari sur Mac<\/a><\/li>\n\n\n\n<li><strong>Firefox<\/strong> : <a href=\"https:\/\/support.mozilla.org\/fr\/kb\/effacer-cookies-donnees-site-firefox?redirectslug=delete-cookies-remove-info-websites-stored\" target=\"_blank\" rel=\"noreferrer noopener\">Effacer les cookies et les donn\u00e9es de site dans Firefox<\/a><\/li>\n\n\n\n<li><strong>Edge<\/strong> : <a href=\"https:\/\/support.microsoft.com\/fr-fr\/windows\/g%C3%A9rer-les-cookies-dans-microsoft-edge-afficher-autoriser-bloquer-supprimer-et-utiliser-168dab11-0753-043d-7c16-ede5947fc64d\" target=\"_blank\" rel=\"noreferrer noopener\">G\u00e9rer les cookies dans Microsoft Edge<\/a><\/li>\n\n\n\n<li>Malheureusement, \u00e0 l&#8217;heure ou nous \u00e9crivons ces lignes, il n&#8217;y a pas de navigateur Corse.<\/li>\n<\/ul>\n\n\n\n<p>Si vous utilisez un autre navigateur, consultez sa documentation officielle.<\/p>\n\n\n\n<p><\/p>\n","protected":false},"excerpt":{"rendered":"<p>Politique de &#8220;Canistrelli&#8221; Cette Politique de &#8220;Canistrelli&#8221; (en Corse, on ne fait pas de Cookies) explique ce qu&#8217;ils sont, comment nous les utilisons, les types que nous utilisons, les informations que nous collectons via ces petits &#8220;g\u00e2teaux&#8221; et leur utilisation, ainsi que la mani\u00e8re dont vous pouvez g\u00e9rer vos pr\u00e9f\u00e9rences. Qu\u2019est-ce qu\u2019un cookie Canistrelli ? Les cookies canistrelli sont de petits fichiers texte qui servent \u00e0 stocker de petites quantit\u00e9s d\u2019informations. Ils sont enregistr\u00e9s sur votre appareil lorsque vous chargez le site web dans votre navigateur. Ces cookies canistrelli nous aident \u00e0 garantir le bon fonctionnement du site, \u00e0 am\u00e9liorer sa s\u00e9curit\u00e9, \u00e0 offrir une<a class=\"more-link\" href=\"https:\/\/roccia-rosa.fr\/index.php\/politique-de-cookies\/\">Read More &rarr;<\/a><\/p>\n","protected":false},"author":1,"featured_media":0,"parent":0,"menu_order":0,"comment_status":"closed","ping_status":"closed","template":"","meta":{"_acf_changed":false,"_uag_custom_page_level_css":"","_glsr_average":0,"_glsr_ranking":0,"_glsr_reviews":0,"footnotes":""},"folder":[],"class_list":["entry","author-gael","post-820","page","type-page","status-publish"],"acf":[],"lang":"fr","translations":{"fr":820,"en":832,"de":962,"nl":1058},"uagb_featured_image_src":{"full":false,"thumbnail":false,"medium":false,"medium_large":false,"large":false,"1536x1536":false,"2048x2048":false,"ultp_layout_landscape_large":false,"ultp_layout_landscape":false,"ultp_layout_portrait":false,"ultp_layout_square":false,"hoot-medium-thumb":false,"hoot-preview":false,"hoot-large-thumb":false,"hoot-wide":false,"hoot-extra-wide":false},"uagb_author_info":{"display_name":"Ga\u00ebl PHILIPPOT","author_link":"https:\/\/roccia-rosa.fr\/index.php\/author\/gael\/"},"uagb_comment_info":0,"uagb_excerpt":"Politique de &#8220;Canistrelli&#8221; Cette Politique de &#8220;Canistrelli&#8221; (en Corse, on ne fait pas de Cookies) explique ce qu&#8217;ils sont, comment nous les utilisons, les types que nous utilisons, les informations que nous collectons via ces petits &#8220;g\u00e2teaux&#8221; et leur utilisation, ainsi que la mani\u00e8re dont vous pouvez g\u00e9rer vos pr\u00e9f\u00e9rences. Qu\u2019est-ce qu\u2019un cookie Canistrelli ?&hellip;","pll_sync_post":[],"_links":{"self":[{"href":"https:\/\/roccia-rosa.fr\/index.php\/wp-json\/wp\/v2\/pages\/820","targetHints":{"allow":["GET"]}}],"collection":[{"href":"https:\/\/roccia-rosa.fr\/index.php\/wp-json\/wp\/v2\/pages"}],"about":[{"href":"https:\/\/roccia-rosa.fr\/index.php\/wp-json\/wp\/v2\/types\/page"}],"author":[{"embeddable":true,"href":"https:\/\/roccia-rosa.fr\/index.php\/wp-json\/wp\/v2\/users\/1"}],"replies":[{"embeddable":true,"href":"https:\/\/roccia-rosa.fr\/index.php\/wp-json\/wp\/v2\/comments?post=820"}],"version-history":[{"count":13,"href":"https:\/\/roccia-rosa.fr\/index.php\/wp-json\/wp\/v2\/pages\/820\/revisions"}],"predecessor-version":[{"id":1060,"href":"https:\/\/roccia-rosa.fr\/index.php\/wp-json\/wp\/v2\/pages\/820\/revisions\/1060"}],"wp:attachment":[{"href":"https:\/\/roccia-rosa.fr\/index.php\/wp-json\/wp\/v2\/media?parent=820"}],"wp:term":[{"taxonomy":"folder","embeddable":true,"href":"https:\/\/roccia-rosa.fr\/index.php\/wp-json\/wp\/v2\/folder?post=820"}],"curies":[{"name":"wp","href":"https:\/\/api.w.org\/{rel}","templated":true}]}}