{"id":862,"date":"2025-06-25T18:38:54","date_gmt":"2025-06-25T17:38:54","guid":{"rendered":"https:\/\/corsica.philippot.org\/?page_id=862"},"modified":"2025-07-26T15:57:04","modified_gmt":"2025-07-26T14:57:04","slug":"la-maison","status":"publish","type":"page","link":"https:\/\/roccia-rosa.fr\/index.php\/la-maison\/","title":{"rendered":"La Maison"},"content":{"rendered":"\n<h1 class=\"wp-block-heading\">La Maison<\/h1>\n\n\n\n<p>La maison est situ\u00e9e sur un terrain de 5000m\u00b2, en pleine nature, avec acc\u00e8s direct au torrent.<\/p>\n\n\n\n<p>Pouvant h\u00e9berger jusqu&#8217;\u00e0 11 personnes, elle poss\u00e8de, sur deux niveaux : un grand s\u00e9jour salle \u00e0 manger, deux chambres, une salle de bains et des WC au rez-de-chauss\u00e9e; deux chambres et une salle de bains-WC \u00e0 l&#8217;\u00e9tage.<\/p>\n\n\n\n<p>La cuisine est enti\u00e8rement am\u00e9nag\u00e9e: r\u00e9frig\u00e9rateur-cong\u00e9lateur am\u00e9ricain, four \u00e9lectrique, four micro-ondes\u2026<\/p>\n\n\n\n<p>2 terrasses ext\u00e9rieures ombrag\u00e9e donnent sur le torrent<\/p>\n\n\n\n<p>Sont inclus dans la location les draps ainsi que le m\u00e9nage en fin de s\u00e9jour.<\/p>\n\n\n\n<p>ATTENTION : En raison de la gestion du m\u00e9nage, les locations en Juillet et Aout commence les mardis (et non pas les samedis)<\/p>\n\n\n\n<p><strong>Accessibilit\u00e9<\/strong><\/p>\n\n\n\n<p>La maison n&#8217;est pas adapt\u00e9e \u00e0 des personnes en fauteuil roulant. Elle est toutefois \u00e9quip\u00e9e pour des personnes \u00e2g\u00e9es (Rez-de-chauss\u00e9e de plein pied, barre d\u2019appuis dans les WC et la salle de bain).<br>Les enfants sont les bienvenus mais une attention particuli\u00e8re doit \u00eatre port\u00e9e aux tr\u00e8s jeunes du fait de la pr\u00e9sence du torrent.<\/p>\n\n\n\n<p><\/p>\n","protected":false},"excerpt":{"rendered":"<p>La Maison La maison est situ\u00e9e sur un terrain de 5000m\u00b2, en pleine nature, avec acc\u00e8s direct au torrent. Pouvant h\u00e9berger jusqu&#8217;\u00e0 11 personnes, elle poss\u00e8de, sur deux niveaux : un grand s\u00e9jour salle \u00e0 manger, deux chambres, une salle de bains et des WC au rez-de-chauss\u00e9e; deux chambres et une salle de bains-WC \u00e0 l&#8217;\u00e9tage. La cuisine est enti\u00e8rement am\u00e9nag\u00e9e: r\u00e9frig\u00e9rateur-cong\u00e9lateur am\u00e9ricain, four \u00e9lectrique, four micro-ondes\u2026 2 terrasses ext\u00e9rieures ombrag\u00e9e donnent sur le torrent Sont inclus dans la location les draps ainsi que le m\u00e9nage en fin de s\u00e9jour. ATTENTION : En raison de la gestion du m\u00e9nage, les locations en Juillet et Aout<a class=\"more-link\" href=\"https:\/\/roccia-rosa.fr\/index.php\/la-maison\/\">Read More &rarr;<\/a><\/p>\n","protected":false},"author":1,"featured_media":0,"parent":0,"menu_order":0,"comment_status":"closed","ping_status":"closed","template":"","meta":{"_acf_changed":false,"_uag_custom_page_level_css":"","_glsr_average":0,"_glsr_ranking":0,"_glsr_reviews":0,"footnotes":""},"folder":[],"class_list":["entry","author-gael","post-862","page","type-page","status-publish"],"acf":[],"lang":"fr","translations":{"fr":862,"en":948,"de":951,"nl":954},"uagb_featured_image_src":{"full":false,"thumbnail":false,"medium":false,"medium_large":false,"large":false,"1536x1536":false,"2048x2048":false,"ultp_layout_landscape_large":false,"ultp_layout_landscape":false,"ultp_layout_portrait":false,"ultp_layout_square":false,"hoot-medium-thumb":false,"hoot-preview":false,"hoot-large-thumb":false,"hoot-wide":false,"hoot-extra-wide":false},"uagb_author_info":{"display_name":"Ga\u00ebl PHILIPPOT","author_link":"https:\/\/roccia-rosa.fr\/index.php\/author\/gael\/"},"uagb_comment_info":0,"uagb_excerpt":"La Maison La maison est situ\u00e9e sur un terrain de 5000m\u00b2, en pleine nature, avec acc\u00e8s direct au torrent. Pouvant h\u00e9berger jusqu&#8217;\u00e0 11 personnes, elle poss\u00e8de, sur deux niveaux : un grand s\u00e9jour salle \u00e0 manger, deux chambres, une salle de bains et des WC au rez-de-chauss\u00e9e; deux chambres et une salle de bains-WC \u00e0&hellip;","pll_sync_post":[],"_links":{"self":[{"href":"https:\/\/roccia-rosa.fr\/index.php\/wp-json\/wp\/v2\/pages\/862","targetHints":{"allow":["GET"]}}],"collection":[{"href":"https:\/\/roccia-rosa.fr\/index.php\/wp-json\/wp\/v2\/pages"}],"about":[{"href":"https:\/\/roccia-rosa.fr\/index.php\/wp-json\/wp\/v2\/types\/page"}],"author":[{"embeddable":true,"href":"https:\/\/roccia-rosa.fr\/index.php\/wp-json\/wp\/v2\/users\/1"}],"replies":[{"embeddable":true,"href":"https:\/\/roccia-rosa.fr\/index.php\/wp-json\/wp\/v2\/comments?post=862"}],"version-history":[{"count":3,"href":"https:\/\/roccia-rosa.fr\/index.php\/wp-json\/wp\/v2\/pages\/862\/revisions"}],"predecessor-version":[{"id":950,"href":"https:\/\/roccia-rosa.fr\/index.php\/wp-json\/wp\/v2\/pages\/862\/revisions\/950"}],"wp:attachment":[{"href":"https:\/\/roccia-rosa.fr\/index.php\/wp-json\/wp\/v2\/media?parent=862"}],"wp:term":[{"taxonomy":"folder","embeddable":true,"href":"https:\/\/roccia-rosa.fr\/index.php\/wp-json\/wp\/v2\/folder?post=862"}],"curies":[{"name":"wp","href":"https:\/\/api.w.org\/{rel}","templated":true}]}}