{"id":945,"date":"2025-07-26T15:43:51","date_gmt":"2025-07-26T14:43:51","guid":{"rendered":"https:\/\/corsica.philippot.org\/?page_id=945"},"modified":"2025-07-26T16:26:13","modified_gmt":"2025-07-26T15:26:13","slug":"die-region-2","status":"publish","type":"page","link":"https:\/\/roccia-rosa.fr\/index.php\/de\/die-region-2\/","title":{"rendered":"Die region"},"content":{"rendered":"\n<h1 class=\"wp-block-heading\">Die region<\/h1>\n\n\n\n<p>Dieses Haus liegt in der touristischen Region Filosorma, im Herzen des Biosph\u00e4renreservats Fango (seit 1977 UNESCO-Weltkulturerbe) in der N\u00e4he des Meeresreservats Scandola, 35 Minuten vom Flughafen Calvi entfernt, in einer au\u00dfergew\u00f6hnlichen Lage am Ufer eines Wildbachs.<\/p>\n\n\n\n<p>Nur 15 Minuten vom Meer entfernt, am Fu\u00dfe der Berge, k\u00f6nnen Sie eine ruhige Umgebung inmitten der Natur genie\u00dfen und von Juni bis September im nat\u00fcrlichen Pool des Wildbachs am Fu\u00dfe des Hauses baden.<\/p>\n\n\n\n<p><\/p>\n","protected":false},"excerpt":{"rendered":"<p>Die region Dieses Haus liegt in der touristischen Region Filosorma, im Herzen des Biosph\u00e4renreservats Fango (seit 1977 UNESCO-Weltkulturerbe) in der N\u00e4he des Meeresreservats Scandola, 35 Minuten vom Flughafen Calvi entfernt, in einer au\u00dfergew\u00f6hnlichen Lage am Ufer eines Wildbachs. Nur 15 Minuten vom Meer entfernt, am Fu\u00dfe der Berge, k\u00f6nnen Sie eine ruhige Umgebung inmitten der Natur genie\u00dfen und von Juni bis September im nat\u00fcrlichen Pool des Wildbachs am Fu\u00dfe des Hauses baden.<a class=\"more-link\" href=\"https:\/\/roccia-rosa.fr\/index.php\/de\/die-region-2\/\">Read More &rarr;<\/a><\/p>\n","protected":false},"author":1,"featured_media":0,"parent":0,"menu_order":0,"comment_status":"closed","ping_status":"closed","template":"","meta":{"_acf_changed":false,"_uag_custom_page_level_css":"","_glsr_average":0,"_glsr_ranking":0,"_glsr_reviews":0,"footnotes":""},"folder":[],"class_list":["entry","author-gael","post-945","page","type-page","status-publish"],"acf":[],"lang":"de","translations":{"de":945,"nl":940,"en":935,"fr":860},"uagb_featured_image_src":{"full":false,"thumbnail":false,"medium":false,"medium_large":false,"large":false,"1536x1536":false,"2048x2048":false,"ultp_layout_landscape_large":false,"ultp_layout_landscape":false,"ultp_layout_portrait":false,"ultp_layout_square":false,"hoot-medium-thumb":false,"hoot-preview":false,"hoot-large-thumb":false,"hoot-wide":false,"hoot-extra-wide":false},"uagb_author_info":{"display_name":"Ga\u00ebl PHILIPPOT","author_link":"https:\/\/roccia-rosa.fr\/index.php\/author\/gael\/"},"uagb_comment_info":0,"uagb_excerpt":"Die region Dieses Haus liegt in der touristischen Region Filosorma, im Herzen des Biosph\u00e4renreservats Fango (seit 1977 UNESCO-Weltkulturerbe) in der N\u00e4he des Meeresreservats Scandola, 35 Minuten vom Flughafen Calvi entfernt, in einer au\u00dfergew\u00f6hnlichen Lage am Ufer eines Wildbachs. Nur 15 Minuten vom Meer entfernt, am Fu\u00dfe der Berge, k\u00f6nnen Sie eine ruhige Umgebung inmitten der&hellip;","pll_sync_post":[],"_links":{"self":[{"href":"https:\/\/roccia-rosa.fr\/index.php\/wp-json\/wp\/v2\/pages\/945","targetHints":{"allow":["GET"]}}],"collection":[{"href":"https:\/\/roccia-rosa.fr\/index.php\/wp-json\/wp\/v2\/pages"}],"about":[{"href":"https:\/\/roccia-rosa.fr\/index.php\/wp-json\/wp\/v2\/types\/page"}],"author":[{"embeddable":true,"href":"https:\/\/roccia-rosa.fr\/index.php\/wp-json\/wp\/v2\/users\/1"}],"replies":[{"embeddable":true,"href":"https:\/\/roccia-rosa.fr\/index.php\/wp-json\/wp\/v2\/comments?post=945"}],"version-history":[{"count":3,"href":"https:\/\/roccia-rosa.fr\/index.php\/wp-json\/wp\/v2\/pages\/945\/revisions"}],"predecessor-version":[{"id":958,"href":"https:\/\/roccia-rosa.fr\/index.php\/wp-json\/wp\/v2\/pages\/945\/revisions\/958"}],"wp:attachment":[{"href":"https:\/\/roccia-rosa.fr\/index.php\/wp-json\/wp\/v2\/media?parent=945"}],"wp:term":[{"taxonomy":"folder","embeddable":true,"href":"https:\/\/roccia-rosa.fr\/index.php\/wp-json\/wp\/v2\/folder?post=945"}],"curies":[{"name":"wp","href":"https:\/\/api.w.org\/{rel}","templated":true}]}}