{"id":951,"date":"2025-07-26T16:05:55","date_gmt":"2025-07-26T15:05:55","guid":{"rendered":"https:\/\/corsica.philippot.org\/?page_id=951"},"modified":"2025-07-26T16:05:56","modified_gmt":"2025-07-26T15:05:56","slug":"das-haus","status":"publish","type":"page","link":"https:\/\/roccia-rosa.fr\/index.php\/de\/das-haus\/","title":{"rendered":"Das Haus"},"content":{"rendered":"\n<h1 class=\"wp-block-heading\">Das Haus<\/h1>\n\n\n\n<p>Das Haus liegt auf einem 5000 m\u00b2 gro\u00dfen Grundst\u00fcck mitten in der Natur und hat direkten Zugang zum Bach.<\/p>\n\n\n\n<p>Es bietet Platz f\u00fcr bis zu 11 Personen und verf\u00fcgt auf zwei Ebenen \u00fcber ein gro\u00dfes Wohn- und Esszimmer, zwei Schlafzimmer, ein Badezimmer und ein WC im Erdgeschoss sowie zwei Schlafzimmer und ein Badezimmer mit WC im Obergeschoss.<\/p>\n\n\n\n<p>Die K\u00fcche ist komplett ausgestattet: amerikanischer K\u00fchlschrank mit Gefrierfach, Elektroherd, Mikrowelle &#8230;<\/p>\n\n\n\n<p>2 schattige Au\u00dfenterrassen blicken auf den Torrent<\/p>\n\n\n\n<p>In der Miete sind die Bettw\u00e4sche sowie die Endreinigung enthalten.<\/p>\n\n\n\n<p>ACHTUNG: Aufgrund der Haushaltsf\u00fchrung beginnen die Vermietungen im Juli und August dienstags (und nicht samstags).<\/p>\n\n\n\n<p><strong>Barrierefreiheit<\/strong><\/p>\n\n\n\n<p>Das Haus ist nicht f\u00fcr Rollstuhlfahrer geeignet. Es ist jedoch f\u00fcr \u00e4ltere Menschen ausgestattet (ebenerdiges Erdgeschoss, Haltegriffe im WC und im Badezimmer).<\/p>\n\n\n\n<p>Kinder sind willkommen, aber aufgrund des Wildbachs ist besondere Vorsicht bei sehr jungen Kindern geboten.<\/p>\n\n\n\n<p><\/p>\n","protected":false},"excerpt":{"rendered":"<p>Das Haus Das Haus liegt auf einem 5000 m\u00b2 gro\u00dfen Grundst\u00fcck mitten in der Natur und hat direkten Zugang zum Bach. Es bietet Platz f\u00fcr bis zu 11 Personen und verf\u00fcgt auf zwei Ebenen \u00fcber ein gro\u00dfes Wohn- und Esszimmer, zwei Schlafzimmer, ein Badezimmer und ein WC im Erdgeschoss sowie zwei Schlafzimmer und ein Badezimmer mit WC im Obergeschoss. Die K\u00fcche ist komplett ausgestattet: amerikanischer K\u00fchlschrank mit Gefrierfach, Elektroherd, Mikrowelle &#8230; 2 schattige Au\u00dfenterrassen blicken auf den Torrent In der Miete sind die Bettw\u00e4sche sowie die Endreinigung enthalten. ACHTUNG: Aufgrund der Haushaltsf\u00fchrung beginnen die Vermietungen im Juli und August dienstags (und nicht samstags). Barrierefreiheit Das<a class=\"more-link\" href=\"https:\/\/roccia-rosa.fr\/index.php\/de\/das-haus\/\">Read More &rarr;<\/a><\/p>\n","protected":false},"author":1,"featured_media":0,"parent":0,"menu_order":0,"comment_status":"closed","ping_status":"closed","template":"","meta":{"_acf_changed":false,"_uag_custom_page_level_css":"","_glsr_average":0,"_glsr_ranking":0,"_glsr_reviews":0,"footnotes":""},"folder":[],"class_list":["entry","author-gael","post-951","page","type-page","status-publish"],"acf":[],"lang":"de","translations":{"de":951,"en":948,"fr":862,"nl":954},"uagb_featured_image_src":{"full":false,"thumbnail":false,"medium":false,"medium_large":false,"large":false,"1536x1536":false,"2048x2048":false,"ultp_layout_landscape_large":false,"ultp_layout_landscape":false,"ultp_layout_portrait":false,"ultp_layout_square":false,"hoot-medium-thumb":false,"hoot-preview":false,"hoot-large-thumb":false,"hoot-wide":false,"hoot-extra-wide":false},"uagb_author_info":{"display_name":"Ga\u00ebl PHILIPPOT","author_link":"https:\/\/roccia-rosa.fr\/index.php\/author\/gael\/"},"uagb_comment_info":0,"uagb_excerpt":"Das Haus Das Haus liegt auf einem 5000 m\u00b2 gro\u00dfen Grundst\u00fcck mitten in der Natur und hat direkten Zugang zum Bach. Es bietet Platz f\u00fcr bis zu 11 Personen und verf\u00fcgt auf zwei Ebenen \u00fcber ein gro\u00dfes Wohn- und Esszimmer, zwei Schlafzimmer, ein Badezimmer und ein WC im Erdgeschoss sowie zwei Schlafzimmer und ein Badezimmer&hellip;","pll_sync_post":[],"_links":{"self":[{"href":"https:\/\/roccia-rosa.fr\/index.php\/wp-json\/wp\/v2\/pages\/951","targetHints":{"allow":["GET"]}}],"collection":[{"href":"https:\/\/roccia-rosa.fr\/index.php\/wp-json\/wp\/v2\/pages"}],"about":[{"href":"https:\/\/roccia-rosa.fr\/index.php\/wp-json\/wp\/v2\/types\/page"}],"author":[{"embeddable":true,"href":"https:\/\/roccia-rosa.fr\/index.php\/wp-json\/wp\/v2\/users\/1"}],"replies":[{"embeddable":true,"href":"https:\/\/roccia-rosa.fr\/index.php\/wp-json\/wp\/v2\/comments?post=951"}],"version-history":[{"count":2,"href":"https:\/\/roccia-rosa.fr\/index.php\/wp-json\/wp\/v2\/pages\/951\/revisions"}],"predecessor-version":[{"id":953,"href":"https:\/\/roccia-rosa.fr\/index.php\/wp-json\/wp\/v2\/pages\/951\/revisions\/953"}],"wp:attachment":[{"href":"https:\/\/roccia-rosa.fr\/index.php\/wp-json\/wp\/v2\/media?parent=951"}],"wp:term":[{"taxonomy":"folder","embeddable":true,"href":"https:\/\/roccia-rosa.fr\/index.php\/wp-json\/wp\/v2\/folder?post=951"}],"curies":[{"name":"wp","href":"https:\/\/api.w.org\/{rel}","templated":true}]}}