{"id":962,"date":"2025-07-27T22:11:40","date_gmt":"2025-07-27T21:11:40","guid":{"rendered":"https:\/\/corsica.philippot.org\/?page_id=962"},"modified":"2025-07-27T22:12:20","modified_gmt":"2025-07-27T21:12:20","slug":"politik-canistrelli","status":"publish","type":"page","link":"https:\/\/roccia-rosa.fr\/index.php\/de\/politik-canistrelli\/","title":{"rendered":"Politik &#8220;Canistrelli&#8221;"},"content":{"rendered":"\n<h1 class=\"wp-block-heading\">Politik &#8220;Canistrelli&#8221;<\/h1>\n\n\n\n<p>Diese Richtlinie von &#8220;Canistrelli&#8221; in Korsika, wo keine Cookies hergestellt werden, erkl\u00e4rt, was Cookies sind, wie wir sie verwenden, welche Arten von Cookies wir verwenden, welche Informationen wir \u00fcber diese kleinen &#8220;Kekse&#8221; sammeln und wie wir sie verwenden, sowie wie Sie Ihre Einstellungen verwalten k\u00f6nnen.<\/p>\n\n\n\n<h2 class=\"wp-block-heading\"><strong>Was ist ein <s>cookie<\/s> Canistrelli ?<\/strong><\/h2>\n\n\n\n<p><s>Cookies<\/s> Canistrelli sind kleine Textdateien, die zum Speichern kleiner Informationsmengen dienen. Sie werden auf Ihrem Ger\u00e4t gespeichert, wenn Sie die Website in Ihrem Browser laden. Diese Canistrelli-Cookies helfen uns dabei, das reibungslose Funktionieren der Website zu gew\u00e4hrleisten, ihre Sicherheit zu verbessern, eine bessere Benutzererfahrung zu bieten und die Leistung der Website zu analysieren, um festzustellen, was gut funktioniert und was verbessert werden muss.<\/p>\n\n\n\n<h2 class=\"wp-block-heading\"><strong>Wie verwenden wir <s>cookies<\/s> Canistrelli ?<\/strong><\/h2>\n\n\n\n<p>Wie die meisten Online-Dienste verwendet auch unsere Website aus verschiedenen Gr\u00fcnden interne <strong>Canistrelli <\/strong>und <strong>Cookies <\/strong>von Drittanbietern (ja, manche bevorzugen amerikanische <strong>Cookies<\/strong>).<\/p>\n\n\n\n<ul class=\"wp-block-list\">\n<li><strong>Interne Canistrelli<\/strong> sind in erster Linie f\u00fcr das reibungslose Funktionieren der Website erforderlich und sammeln keine personenbezogenen Daten.<\/li>\n\n\n\n<li>Die auf unserer Website verwendeten Cookies von Drittanbietern dienen haupts\u00e4chlich folgenden Zwecken:\n<ul class=\"wp-block-list\">\n<li>Verst\u00e4ndnis der Funktionsweise der Website.<\/li>\n\n\n\n<li>Analyse Ihrer Interaktion mit unserer Website.<\/li>\n\n\n\n<li>Gew\u00e4hrleistung der Sicherheit unserer Dienste.<\/li>\n\n\n\n<li>Verbesserung Ihrer Benutzererfahrung und Beschleunigung Ihrer zuk\u00fcnftigen Interaktionen mit unserer Website.<\/li>\n<\/ul>\n<\/li>\n<\/ul>\n\n\n\n<h2 class=\"wp-block-heading\"><strong>Arten von <strong>canistrelli <\/strong>, die wir verwenden<\/strong><\/h2>\n\n\n\n<p>Wir verwenden verschiedene Arten von <strong>Canistrelli<\/strong>, die Sie \u00fcber unser <strong>Canistrelli<\/strong>-Verwaltungstool verwalten k\u00f6nnen.<\/p>\n\n\n\n<h2 class=\"wp-block-heading\">Verwalten Sie Ihre Einstellungen f\u00fcr Canistrelli.<\/h2>\n\n\n\n<p>Sie k\u00f6nnen Ihre Einstellungen f\u00fcr Canistrelli jederzeit \u00e4ndern, indem Sie auf den unten stehenden Link klicken. Dadurch wird das <a href=\"#cookiesAndContentPolicySettings\">Einwilligungsbanner<\/a> erneut angezeigt und Sie k\u00f6nnen Ihre Einstellungen \u00e4ndern oder Ihre Einwilligung sofort widerrufen.<\/p>\n\n\n\n<p>Dar\u00fcber hinaus bieten verschiedene Browser spezifische Methoden zum <strong>Blockieren oder L\u00f6schen<\/strong> der von Websites verwendeten <strong>Canistrelli <\/strong>an. Sie k\u00f6nnen Ihre Browsereinstellungen \u00e4ndern, um sie zu blockieren oder zu l\u00f6schen. Hier sind einige Links zu den Hilfe-Dokumenten der wichtigsten Browser:<\/p>\n\n\n\n<ul class=\"wp-block-list\">\n<li><strong>Chrome<\/strong> : <a href=\"https:\/\/support.google.com\/accounts\/answer\/32050\" target=\"_blank\" rel=\"noreferrer noopener\">cache Leeren und cookies l\u00f6schen<\/a><\/li>\n\n\n\n<li><strong>Safari<\/strong> : <a href=\"https:\/\/support.apple.com\/fr-fr\/guide\/safari\/sfri11471\/mac\" target=\"_blank\" rel=\"noreferrer noopener\">cookies L\u00f6schen in Safari auf dem Mac<\/a><\/li>\n\n\n\n<li><strong>Firefox<\/strong> : <a href=\"https:\/\/support.mozilla.org\/fr\/kb\/effacer-cookies-donnees-site-firefox?redirectslug=delete-cookies-remove-info-websites-stored\" target=\"_blank\" rel=\"noreferrer noopener\">cookies L\u00f6schen und website-daten in Firefox<\/a><\/li>\n\n\n\n<li><strong>Edge<\/strong> : <a href=\"https:\/\/support.microsoft.com\/fr-fr\/windows\/g%C3%A9rer-les-cookies-dans-microsoft-edge-afficher-autoriser-bloquer-supprimer-et-utiliser-168dab11-0753-043d-7c16-ede5947fc64d\" target=\"_blank\" rel=\"noreferrer noopener\">Verwalten von cookies in Microsoft Edge<\/a><\/li>\n\n\n\n<li>Leider gibt es zum Zeitpunkt der Erstellung dieses Artikels keinen korsischen Browser.<\/li>\n<\/ul>\n\n\n\n<p>Wenn Sie einen anderen Browser verwenden, lesen Sie bitte dessen offizielle Dokumentation.<\/p>\n\n\n\n<p><\/p>\n","protected":false},"excerpt":{"rendered":"<p>Politik &#8220;Canistrelli&#8221; Diese Richtlinie von &#8220;Canistrelli&#8221; in Korsika, wo keine Cookies hergestellt werden, erkl\u00e4rt, was Cookies sind, wie wir sie verwenden, welche Arten von Cookies wir verwenden, welche Informationen wir \u00fcber diese kleinen &#8220;Kekse&#8221; sammeln und wie wir sie verwenden, sowie wie Sie Ihre Einstellungen verwalten k\u00f6nnen. Was ist ein cookie Canistrelli ? Cookies Canistrelli sind kleine Textdateien, die zum Speichern kleiner Informationsmengen dienen. Sie werden auf Ihrem Ger\u00e4t gespeichert, wenn Sie die Website in Ihrem Browser laden. Diese Canistrelli-Cookies helfen uns dabei, das reibungslose Funktionieren der Website zu gew\u00e4hrleisten, ihre Sicherheit zu verbessern, eine bessere Benutzererfahrung zu bieten und die Leistung der Website zu<a class=\"more-link\" href=\"https:\/\/roccia-rosa.fr\/index.php\/de\/politik-canistrelli\/\">Read More &rarr;<\/a><\/p>\n","protected":false},"author":1,"featured_media":0,"parent":0,"menu_order":0,"comment_status":"closed","ping_status":"closed","template":"","meta":{"_acf_changed":false,"_uag_custom_page_level_css":"","_glsr_average":0,"_glsr_ranking":0,"_glsr_reviews":0,"footnotes":""},"folder":[],"class_list":["entry","author-gael","post-962","page","type-page","status-publish"],"acf":[],"lang":"de","translations":{"de":962,"en":832,"fr":820,"nl":1058},"uagb_featured_image_src":{"full":false,"thumbnail":false,"medium":false,"medium_large":false,"large":false,"1536x1536":false,"2048x2048":false,"ultp_layout_landscape_large":false,"ultp_layout_landscape":false,"ultp_layout_portrait":false,"ultp_layout_square":false,"hoot-medium-thumb":false,"hoot-preview":false,"hoot-large-thumb":false,"hoot-wide":false,"hoot-extra-wide":false},"uagb_author_info":{"display_name":"Ga\u00ebl PHILIPPOT","author_link":"https:\/\/roccia-rosa.fr\/index.php\/author\/gael\/"},"uagb_comment_info":0,"uagb_excerpt":"Politik &#8220;Canistrelli&#8221; Diese Richtlinie von &#8220;Canistrelli&#8221; in Korsika, wo keine Cookies hergestellt werden, erkl\u00e4rt, was Cookies sind, wie wir sie verwenden, welche Arten von Cookies wir verwenden, welche Informationen wir \u00fcber diese kleinen &#8220;Kekse&#8221; sammeln und wie wir sie verwenden, sowie wie Sie Ihre Einstellungen verwalten k\u00f6nnen. Was ist ein cookie Canistrelli ? Cookies Canistrelli&hellip;","pll_sync_post":[],"_links":{"self":[{"href":"https:\/\/roccia-rosa.fr\/index.php\/wp-json\/wp\/v2\/pages\/962","targetHints":{"allow":["GET"]}}],"collection":[{"href":"https:\/\/roccia-rosa.fr\/index.php\/wp-json\/wp\/v2\/pages"}],"about":[{"href":"https:\/\/roccia-rosa.fr\/index.php\/wp-json\/wp\/v2\/types\/page"}],"author":[{"embeddable":true,"href":"https:\/\/roccia-rosa.fr\/index.php\/wp-json\/wp\/v2\/users\/1"}],"replies":[{"embeddable":true,"href":"https:\/\/roccia-rosa.fr\/index.php\/wp-json\/wp\/v2\/comments?post=962"}],"version-history":[{"count":8,"href":"https:\/\/roccia-rosa.fr\/index.php\/wp-json\/wp\/v2\/pages\/962\/revisions"}],"predecessor-version":[{"id":1054,"href":"https:\/\/roccia-rosa.fr\/index.php\/wp-json\/wp\/v2\/pages\/962\/revisions\/1054"}],"wp:attachment":[{"href":"https:\/\/roccia-rosa.fr\/index.php\/wp-json\/wp\/v2\/media?parent=962"}],"wp:term":[{"taxonomy":"folder","embeddable":true,"href":"https:\/\/roccia-rosa.fr\/index.php\/wp-json\/wp\/v2\/folder?post=962"}],"curies":[{"name":"wp","href":"https:\/\/api.w.org\/{rel}","templated":true}]}}